{"id":11,"date":"2017-01-12T15:35:53","date_gmt":"2017-01-12T14:35:53","guid":{"rendered":"http:\/\/xn--minraux-dya.ch\/?page_id=11"},"modified":"2023-01-18T11:03:18","modified_gmt":"2023-01-18T10:03:18","slug":"a-propos","status":"publish","type":"page","link":"https:\/\/www.min\u00e9raux.ch\/","title":{"rendered":"A propos"},"content":{"rendered":"<p>\u00ab\u00a0Chaque passion parle un diff\u00e9rent langage\u00a0\u00bb<br \/>\n<em>Art po\u00e9tique <\/em>&#8211; <strong>Nicolas Boileau<\/strong><\/p>\n<p><img decoding=\"async\" loading=\"lazy\" class=\"wp-image-70 aligncenter\" src=\"http:\/\/xn--minraux-dya.ch\/wp-content\/uploads\/2017\/01\/0bis3-300x221.jpg\" alt=\"\" width=\"472\" height=\"348\" srcset=\"https:\/\/www.min\u00e9raux.ch\/wp-content\/uploads\/2017\/01\/0bis3-300x221.jpg 300w, https:\/\/www.min\u00e9raux.ch\/wp-content\/uploads\/2017\/01\/0bis3-768x565.jpg 768w, https:\/\/www.min\u00e9raux.ch\/wp-content\/uploads\/2017\/01\/0bis3-1024x754.jpg 1024w, https:\/\/www.min\u00e9raux.ch\/wp-content\/uploads\/2017\/01\/0bis3.jpg 1280w\" sizes=\"(max-width: 472px) 100vw, 472px\" \/><\/p>\n<p><img decoding=\"async\" loading=\"lazy\" class=\"alignnone wp-image-69\" src=\"http:\/\/xn--minraux-dya.ch\/wp-content\/uploads\/2017\/01\/0bis2-300x122.jpg\" alt=\"\" width=\"541\" height=\"220\" srcset=\"https:\/\/www.min\u00e9raux.ch\/wp-content\/uploads\/2017\/01\/0bis2-300x122.jpg 300w, https:\/\/www.min\u00e9raux.ch\/wp-content\/uploads\/2017\/01\/0bis2-768x312.jpg 768w, https:\/\/www.min\u00e9raux.ch\/wp-content\/uploads\/2017\/01\/0bis2-1024x416.jpg 1024w, https:\/\/www.min\u00e9raux.ch\/wp-content\/uploads\/2017\/01\/0bis2.jpg 1280w\" sizes=\"(max-width: 541px) 100vw, 541px\" \/><\/p>\n<p style=\"text-align: left;\">Passionn\u00e9 de min\u00e9raux\u00a0 depuis ma plus tendre enfance.\u00a0 Cette dimension me fascine depuis l&rsquo;\u00e2ge de 5 ans, et aujourd&rsquo;hui encore et toujours elle continue \u00e0 m&rsquo;\u00e9merveiller.<\/p>\n<p style=\"text-align: left;\">Au fils des ann\u00e9es et avec mes nombreux voyages aux quatre coins du monde (plus de 50 pays visit\u00e9s) ma passion n&rsquo;a fait que grandire.<\/p>\n<p style=\"text-align: left;\">Pour d\u00e9couvrir mes pi\u00e8ces en vente, rendez-vous dans la boutique.<\/p>\n<p style=\"text-align: left;\">Je vous souhaite un bon voyage min\u00e9ral.<\/p>\n<p><img decoding=\"async\" loading=\"lazy\" class=\"wp-image-67 aligncenter\" src=\"http:\/\/xn--minraux-dya.ch\/wp-content\/uploads\/2017\/01\/0-300x229.jpg\" alt=\"\" width=\"693\" height=\"529\" srcset=\"https:\/\/www.min\u00e9raux.ch\/wp-content\/uploads\/2017\/01\/0-300x229.jpg 300w, https:\/\/www.min\u00e9raux.ch\/wp-content\/uploads\/2017\/01\/0-768x586.jpg 768w, https:\/\/www.min\u00e9raux.ch\/wp-content\/uploads\/2017\/01\/0.jpg 786w\" sizes=\"(max-width: 693px) 100vw, 693px\" \/><\/p>\n","protected":false},"excerpt":{"rendered":"<p>\u00ab\u00a0Chaque passion parle un diff\u00e9rent langage\u00a0\u00bb Art po\u00e9tique &#8211; Nicolas Boileau Passionn\u00e9 de min\u00e9raux\u00a0 depuis ma plus tendre enfance.\u00a0 Cette dimension me fascine depuis l&rsquo;\u00e2ge de 5 ans, et aujourd&rsquo;hui encore et toujours elle continue \u00e0 m&rsquo;\u00e9merveiller. Au fils des ann\u00e9es et avec mes nombreux voyages aux quatre coins du monde (plus de 50 pays &hellip; <a href=\"https:\/\/www.min\u00e9raux.ch\/\" class=\"more-link\">Continuer la lecture de <span class=\"screen-reader-text\">A propos<\/span>  <span class=\"meta-nav\">&rarr;<\/span><\/a><\/p>\n","protected":false},"author":1,"featured_media":0,"parent":0,"menu_order":0,"comment_status":"closed","ping_status":"closed","template":"","meta":[],"_links":{"self":[{"href":"https:\/\/www.min\u00e9raux.ch\/index.php?rest_route=\/wp\/v2\/pages\/11"}],"collection":[{"href":"https:\/\/www.min\u00e9raux.ch\/index.php?rest_route=\/wp\/v2\/pages"}],"about":[{"href":"https:\/\/www.min\u00e9raux.ch\/index.php?rest_route=\/wp\/v2\/types\/page"}],"author":[{"embeddable":true,"href":"https:\/\/www.min\u00e9raux.ch\/index.php?rest_route=\/wp\/v2\/users\/1"}],"replies":[{"embeddable":true,"href":"https:\/\/www.min\u00e9raux.ch\/index.php?rest_route=%2Fwp%2Fv2%2Fcomments&post=11"}],"version-history":[{"count":10,"href":"https:\/\/www.min\u00e9raux.ch\/index.php?rest_route=\/wp\/v2\/pages\/11\/revisions"}],"predecessor-version":[{"id":449,"href":"https:\/\/www.min\u00e9raux.ch\/index.php?rest_route=\/wp\/v2\/pages\/11\/revisions\/449"}],"wp:attachment":[{"href":"https:\/\/www.min\u00e9raux.ch\/index.php?rest_route=%2Fwp%2Fv2%2Fmedia&parent=11"}],"curies":[{"name":"wp","href":"https:\/\/api.w.org\/{rel}","templated":true}]}}