{"id":13,"date":"2017-01-12T15:36:12","date_gmt":"2017-01-12T14:36:12","guid":{"rendered":"http:\/\/xn--minraux-dya.ch\/?page_id=13"},"modified":"2023-01-18T11:04:08","modified_gmt":"2023-01-18T10:04:08","slug":"boutique","status":"publish","type":"page","link":"https:\/\/www.min\u00e9raux.ch\/?page_id=13","title":{"rendered":"Boutique"},"content":{"rendered":"<h1 style=\"text-align: left;\">Class\u00e9 par ordre alphab\u00e9tique.<\/h1>\n<p>Vid\u00e9o sur demande \u00e0:<\/p>\n<p>Par e-mail: julienjacquierkronig@hotmail.com<\/p>\n<p>Par t\u00e9l\u00e9phone: 079 244 68 78<\/p>\n<hr \/>\n<hr \/>\n<p style=\"text-align: center;\">R\u00e9f\u00e9rence 87<\/p>\n<p style=\"text-align: left;\"><img decoding=\"async\" loading=\"lazy\" class=\"alignnone size-medium wp-image-207 aligncenter\" src=\"http:\/\/xn--minraux-dya.ch\/wp-content\/uploads\/2017\/01\/87-246x300.jpg\" alt=\"\" width=\"246\" height=\"300\" srcset=\"https:\/\/www.min\u00e9raux.ch\/wp-content\/uploads\/2017\/01\/87-246x300.jpg 246w, https:\/\/www.min\u00e9raux.ch\/wp-content\/uploads\/2017\/01\/87.jpg 629w\" sizes=\"(max-width: 246px) 100vw, 246px\" \/><\/p>\n<p style=\"text-align: center;\">\n<p style=\"text-align: left;\"><!--more--><span style=\"font-size: revert;\">Adamite.<\/span><\/p>\n<p style=\"text-align: left;\">Dimension: 70x50mm, hauteur 80mm. Poids 300 gr.<\/p>\n<p style=\"text-align: left;\">Prix: 120.&#8211;CHF.<\/p>\n<hr \/>\n<hr \/>\n<p style=\"text-align: center;\">R\u00e9f\u00e9rence 27<\/p>\n<p><img decoding=\"async\" loading=\"lazy\" class=\"wp-image-155 aligncenter\" src=\"http:\/\/xn--minraux-dya.ch\/wp-content\/uploads\/2017\/01\/27-300x250.jpg\" alt=\"\" width=\"199\" height=\"166\" srcset=\"https:\/\/www.min\u00e9raux.ch\/wp-content\/uploads\/2017\/01\/27-300x250.jpg 300w, https:\/\/www.min\u00e9raux.ch\/wp-content\/uploads\/2017\/01\/27-768x640.jpg 768w, https:\/\/www.min\u00e9raux.ch\/wp-content\/uploads\/2017\/01\/27.jpg 921w\" sizes=\"(max-width: 199px) 100vw, 199px\" \/><\/p>\n<p><!--more-->Adamite ou Adamine. Mexique.<\/p>\n<p>Dimension: 95x40mm, hauteur 80mm, Poids 280 gr.<\/p>\n<p>Prix: 80.&#8211;CHF.<\/p>\n<hr \/>\n<hr \/>\n<p style=\"text-align: center;\">R\u00e9f\u00e9rence 62<\/p>\n<p style=\"text-align: left;\"><img decoding=\"async\" loading=\"lazy\" class=\"alignnone size-medium wp-image-213 aligncenter\" src=\"http:\/\/xn--minraux-dya.ch\/wp-content\/uploads\/2017\/01\/62-263x300.jpg\" alt=\"\" width=\"263\" height=\"300\" srcset=\"https:\/\/www.min\u00e9raux.ch\/wp-content\/uploads\/2017\/01\/62-263x300.jpg 263w, https:\/\/www.min\u00e9raux.ch\/wp-content\/uploads\/2017\/01\/62.jpg 642w\" sizes=\"(max-width: 263px) 100vw, 263px\" \/><!--more--><\/p>\n<p style=\"text-align: left;\">Aigue-marine.<\/p>\n<p style=\"text-align: left;\">Dimension: 25x25mm, hauteur 30mm. Poids 18 gr.<\/p>\n<p style=\"text-align: left;\">Prix: 80.&#8211;CHF.<\/p>\n<hr \/>\n<hr \/>\n<p style=\"text-align: center;\">R\u00e9f\u00e9rence 66<\/p>\n<p style=\"text-align: left;\"><img decoding=\"async\" loading=\"lazy\" class=\"alignnone size-medium wp-image-215 aligncenter\" src=\"http:\/\/xn--minraux-dya.ch\/wp-content\/uploads\/2017\/01\/66-248x300.jpg\" alt=\"\" width=\"248\" height=\"300\" srcset=\"https:\/\/www.min\u00e9raux.ch\/wp-content\/uploads\/2017\/01\/66-248x300.jpg 248w, https:\/\/www.min\u00e9raux.ch\/wp-content\/uploads\/2017\/01\/66.jpg 689w\" sizes=\"(max-width: 248px) 100vw, 248px\" \/><!--more--><\/p>\n<p style=\"text-align: left;\">Aigue-marine.<\/p>\n<p style=\"text-align: left;\">Dimension: 25x25mm, hauteur 35mm. Poids 9 gr.<\/p>\n<p style=\"text-align: left;\">Prix: 90.&#8211;CHF.<\/p>\n<hr \/>\n<hr \/>\n<p style=\"text-align: center;\">R\u00e9f\u00e9rence 67<\/p>\n<p style=\"text-align: left;\"><img decoding=\"async\" loading=\"lazy\" class=\"alignnone size-medium wp-image-216 aligncenter\" src=\"http:\/\/xn--minraux-dya.ch\/wp-content\/uploads\/2017\/01\/67-300x278.jpg\" alt=\"\" width=\"300\" height=\"278\" srcset=\"https:\/\/www.min\u00e9raux.ch\/wp-content\/uploads\/2017\/01\/67-300x278.jpg 300w, https:\/\/www.min\u00e9raux.ch\/wp-content\/uploads\/2017\/01\/67.jpg 753w\" sizes=\"(max-width: 300px) 100vw, 300px\" \/><!--more--><\/p>\n<p style=\"text-align: left;\">Aigue-marine.<\/p>\n<p style=\"text-align: left;\">Dimension: 30x30mm, hauteur 30mm. Poids 20 gr.<\/p>\n<p style=\"text-align: left;\">Prix: 100.&#8211;CHF.<\/p>\n<hr \/>\n<hr \/>\n<p style=\"text-align: center;\">R\u00e9f\u00e9rence 56<\/p>\n<p style=\"text-align: left;\"><img decoding=\"async\" loading=\"lazy\" class=\"alignnone size-medium wp-image-198 aligncenter\" src=\"http:\/\/xn--minraux-dya.ch\/wp-content\/uploads\/2017\/01\/56-300x252.jpg\" alt=\"\" width=\"300\" height=\"252\" srcset=\"https:\/\/www.min\u00e9raux.ch\/wp-content\/uploads\/2017\/01\/56-300x252.jpg 300w, https:\/\/www.min\u00e9raux.ch\/wp-content\/uploads\/2017\/01\/56.jpg 581w\" sizes=\"(max-width: 300px) 100vw, 300px\" \/><\/p>\n<p style=\"text-align: center;\"><a href=\"https:\/\/youtu.be\/EFbpW5qVcCY\">Cliquez <strong><em>\u00ab\u00a0ici\u00a0\u00bb<\/em><\/strong> pour voir la vid\u00e9o sur Youtube<\/a><\/p>\n<p style=\"text-align: left;\"><!--more--><\/p>\n<p style=\"text-align: left;\">Aigue-marine et Tourmaline.<\/p>\n<p style=\"text-align: left;\">Dimension: 35x15mm, hauteur 30mm. Poids 18 gr.<\/p>\n<p style=\"text-align: left;\">Prix: 125.&#8211;CHF.<\/p>\n<hr \/>\n<hr \/>\n<p style=\"text-align: center;\">R\u00e9f\u00e9rence 64<\/p>\n<p style=\"text-align: left;\"><img decoding=\"async\" loading=\"lazy\" class=\"alignnone size-medium wp-image-200 aligncenter\" src=\"http:\/\/xn--minraux-dya.ch\/wp-content\/uploads\/2017\/01\/64-300x246.jpg\" alt=\"\" width=\"300\" height=\"246\" srcset=\"https:\/\/www.min\u00e9raux.ch\/wp-content\/uploads\/2017\/01\/64-300x246.jpg 300w, https:\/\/www.min\u00e9raux.ch\/wp-content\/uploads\/2017\/01\/64-768x629.jpg 768w, https:\/\/www.min\u00e9raux.ch\/wp-content\/uploads\/2017\/01\/64.jpg 867w\" sizes=\"(max-width: 300px) 100vw, 300px\" \/><\/p>\n<p style=\"text-align: left;\"><!--more--><\/p>\n<p style=\"text-align: left;\">Aigue-marine et Tourmaline.<\/p>\n<p style=\"text-align: left;\">Dimension: 70x55mm, hauteur 50mm. Poids 60 gr.<\/p>\n<p style=\"text-align: left;\">Prix: 250.&#8211;CHF.<\/p>\n<hr \/>\n<hr \/>\n<p style=\"text-align: center;\">R\u00e9f\u00e9rence 90<\/p>\n<p style=\"text-align: left;\"><img decoding=\"async\" loading=\"lazy\" class=\"alignnone size-medium wp-image-210 aligncenter\" src=\"http:\/\/xn--minraux-dya.ch\/wp-content\/uploads\/2017\/01\/90-300x136.jpg\" alt=\"\" width=\"300\" height=\"136\" srcset=\"https:\/\/www.min\u00e9raux.ch\/wp-content\/uploads\/2017\/01\/90-300x136.jpg 300w, https:\/\/www.min\u00e9raux.ch\/wp-content\/uploads\/2017\/01\/90-768x349.jpg 768w, https:\/\/www.min\u00e9raux.ch\/wp-content\/uploads\/2017\/01\/90-1024x466.jpg 1024w, https:\/\/www.min\u00e9raux.ch\/wp-content\/uploads\/2017\/01\/90.jpg 1280w\" sizes=\"(max-width: 300px) 100vw, 300px\" \/><\/p>\n<p style=\"text-align: left;\"><!--more--><\/p>\n<p style=\"text-align: left;\">Am\u00e9thyste.<\/p>\n<p style=\"text-align: left;\">Dimension: 270x110mm, hauteur 75mm. Poids 1200 gr.<\/p>\n<p style=\"text-align: left;\">Prix: 60.&#8211;CHF.<\/p>\n<hr \/>\n<hr \/>\n<p style=\"text-align: center;\">R\u00e9f\u00e9rence 68<\/p>\n<p style=\"text-align: left;\"><img decoding=\"async\" loading=\"lazy\" class=\"alignnone size-medium wp-image-187 aligncenter\" src=\"http:\/\/xn--minraux-dya.ch\/wp-content\/uploads\/2017\/01\/68-300x263.jpg\" alt=\"\" width=\"300\" height=\"263\" srcset=\"https:\/\/www.min\u00e9raux.ch\/wp-content\/uploads\/2017\/01\/68-300x263.jpg 300w, https:\/\/www.min\u00e9raux.ch\/wp-content\/uploads\/2017\/01\/68-768x673.jpg 768w, https:\/\/www.min\u00e9raux.ch\/wp-content\/uploads\/2017\/01\/68.jpg 876w\" sizes=\"(max-width: 300px) 100vw, 300px\" \/><\/p>\n<p style=\"text-align: left;\"><!--more--><\/p>\n<p style=\"text-align: left;\">Ammonite.<\/p>\n<p style=\"text-align: left;\">Dimension: 155x45mm, hauteur 190mm. Poids 1412 gr.<\/p>\n<p style=\"text-align: left;\">Prix: 125.&#8211;CHF.<\/p>\n<hr \/>\n<hr \/>\n<p style=\"text-align: center;\">R\u00e9f\u00e9rence 80<\/p>\n<p style=\"text-align: left;\"><img decoding=\"async\" loading=\"lazy\" class=\"alignnone size-medium wp-image-204 aligncenter\" src=\"http:\/\/xn--minraux-dya.ch\/wp-content\/uploads\/2017\/01\/80-300x190.jpg\" alt=\"\" width=\"300\" height=\"190\" srcset=\"https:\/\/www.min\u00e9raux.ch\/wp-content\/uploads\/2017\/01\/80-300x190.jpg 300w, https:\/\/www.min\u00e9raux.ch\/wp-content\/uploads\/2017\/01\/80-768x487.jpg 768w, https:\/\/www.min\u00e9raux.ch\/wp-content\/uploads\/2017\/01\/80-1024x650.jpg 1024w, https:\/\/www.min\u00e9raux.ch\/wp-content\/uploads\/2017\/01\/80.jpg 1280w\" sizes=\"(max-width: 300px) 100vw, 300px\" \/><!--more--><\/p>\n<p style=\"text-align: left;\">Calcite.<\/p>\n<p style=\"text-align: left;\">Dimension: 200x150mm, hauteur 130mm. Poids 2125 gr.<\/p>\n<p style=\"text-align: left;\">Prix: 200.&#8211;CHF.<\/p>\n<hr \/>\n<hr \/>\n<p style=\"text-align: center;\">\u00a0R\u00e9f\u00e9rence 57<\/p>\n<p style=\"text-align: left;\"><img decoding=\"async\" loading=\"lazy\" class=\"alignnone size-medium wp-image-184 aligncenter\" src=\"http:\/\/xn--minraux-dya.ch\/wp-content\/uploads\/2017\/01\/57-185x300.jpg\" alt=\"\" width=\"185\" height=\"300\" srcset=\"https:\/\/www.min\u00e9raux.ch\/wp-content\/uploads\/2017\/01\/57-185x300.jpg 185w, https:\/\/www.min\u00e9raux.ch\/wp-content\/uploads\/2017\/01\/57.jpg 514w\" sizes=\"(max-width: 185px) 100vw, 185px\" \/><\/p>\n<p style=\"text-align: center;\"><a href=\"https:\/\/youtu.be\/2MzjG177WvI\">Cliquez <strong><em>\u00ab\u00a0ici\u00a0\u00bb<\/em><\/strong> pour voir la vid\u00e9o sur Youtube<\/a><\/p>\n<p style=\"text-align: left;\"><!--more--><\/p>\n<p style=\"text-align: left;\">Danburite.<\/p>\n<p style=\"text-align: left;\">Dimension: 20x10mm, hauteur 40mm. Poids 15 gr.<\/p>\n<p style=\"text-align: left;\">Prix: 50.&#8211;CHF.<\/p>\n<hr \/>\n<hr \/>\n<p style=\"text-align: center;\">R\u00e9f\u00e9rence 17<\/p>\n<p style=\"text-align: center;\"><img decoding=\"async\" loading=\"lazy\" class=\"alignnone size-medium wp-image-104\" src=\"http:\/\/xn--minraux-dya.ch\/wp-content\/uploads\/2017\/01\/17-300x275.jpg\" alt=\"\" width=\"300\" height=\"275\" srcset=\"https:\/\/www.min\u00e9raux.ch\/wp-content\/uploads\/2017\/01\/17-300x275.jpg 300w, https:\/\/www.min\u00e9raux.ch\/wp-content\/uploads\/2017\/01\/17-768x705.jpg 768w, https:\/\/www.min\u00e9raux.ch\/wp-content\/uploads\/2017\/01\/17.jpg 837w\" sizes=\"(max-width: 300px) 100vw, 300px\" \/><\/p>\n<p><!--more-->H\u00e9mimorphite.<\/p>\n<p style=\"text-align: left;\">Dimension: 100x50mm, hauteur 85mm. Poids 485 gr.<\/p>\n<p style=\"text-align: left;\">Prix: 60.&#8211;CHF.<\/p>\n<hr \/>\n<hr \/>\n<p style=\"text-align: center;\">R\u00e9f\u00e9rence 4<\/p>\n<p style=\"text-align: center;\"><img decoding=\"async\" loading=\"lazy\" class=\"wp-image-47 aligncenter\" src=\"http:\/\/xn--minraux-dya.ch\/wp-content\/uploads\/2017\/01\/4-300x74.jpg\" width=\"519\" height=\"128\" \/><\/p>\n<p style=\"text-align: left;\"><!--more-->Quartz fum\u00e9. Pointe brute. R\u00e9gion Massif du Mont Blanc.<\/p>\n<p style=\"text-align: left;\">Dimension: 50x30mm, hauteur 205mm. Poids 500 gr.<\/p>\n<p style=\"text-align: left;\">Prix: 150.&#8211;CHF.<\/p>\n<hr \/>\n<hr \/>\n<p style=\"text-align: center;\"><span style=\"font-size: revert;\">R\u00e9f\u00e9rence 15<\/span><\/p>\n<p style=\"text-align: left;\">\n<p><img decoding=\"async\" loading=\"lazy\" class=\"wp-image-98 aligncenter\" src=\"http:\/\/xn--minraux-dya.ch\/wp-content\/uploads\/2017\/01\/15-195x300.jpg\" alt=\"\" width=\"123\" height=\"190\" srcset=\"https:\/\/www.min\u00e9raux.ch\/wp-content\/uploads\/2017\/01\/15-195x300.jpg 195w, https:\/\/www.min\u00e9raux.ch\/wp-content\/uploads\/2017\/01\/15-768x1183.jpg 768w, https:\/\/www.min\u00e9raux.ch\/wp-content\/uploads\/2017\/01\/15-665x1024.jpg 665w, https:\/\/www.min\u00e9raux.ch\/wp-content\/uploads\/2017\/01\/15.jpg 837w\" sizes=\"(max-width: 123px) 100vw, 123px\" \/><\/p>\n<p><!--more-->Quartz polis.<\/p>\n<p style=\"text-align: left;\">Dimension: 60x60mm, hauteur 120mm. Poids 545 gr.<\/p>\n<p style=\"text-align: left;\">Prix: 120.&#8211;CHF.<\/p>\n<hr \/>\n<hr \/>\n<p style=\"text-align: center;\">R\u00e9f\u00e9rence 31<\/p>\n<p style=\"text-align: center;\">\u00a0<img decoding=\"async\" loading=\"lazy\" class=\"alignnone size-medium wp-image-166\" src=\"http:\/\/xn--minraux-dya.ch\/wp-content\/uploads\/2017\/01\/31bis-300x202.jpg\" alt=\"\" width=\"300\" height=\"202\" srcset=\"https:\/\/www.min\u00e9raux.ch\/wp-content\/uploads\/2017\/01\/31bis-300x202.jpg 300w, https:\/\/www.min\u00e9raux.ch\/wp-content\/uploads\/2017\/01\/31bis-768x518.jpg 768w, https:\/\/www.min\u00e9raux.ch\/wp-content\/uploads\/2017\/01\/31bis-1024x690.jpg 1024w, https:\/\/www.min\u00e9raux.ch\/wp-content\/uploads\/2017\/01\/31bis.jpg 1280w\" sizes=\"(max-width: 300px) 100vw, 300px\" \/><\/p>\n<p style=\"text-align: left;\"><!--more--><\/p>\n<p style=\"text-align: left;\">Quartz polis avec une couronne de petit quartz.<\/p>\n<p style=\"text-align: left;\">Dimension: 100x90mm, hauteur 140mm. Poids 1490 gr.<\/p>\n<p style=\"text-align: left;\">Prix: 250.&#8211;CHF.<\/p>\n<hr \/>\n<hr \/>\n<p style=\"text-align: center;\">R\u00e9f\u00e9rence 5<\/p>\n<p style=\"text-align: left;\"><img decoding=\"async\" loading=\"lazy\" class=\"alignnone wp-image-50 aligncenter\" src=\"http:\/\/xn--minraux-dya.ch\/wp-content\/uploads\/2017\/01\/5-300x267.jpg\" alt=\"\" width=\"356\" height=\"317\" srcset=\"https:\/\/www.min\u00e9raux.ch\/wp-content\/uploads\/2017\/01\/5-300x267.jpg 300w, https:\/\/www.min\u00e9raux.ch\/wp-content\/uploads\/2017\/01\/5-768x683.jpg 768w, https:\/\/www.min\u00e9raux.ch\/wp-content\/uploads\/2017\/01\/5.jpg 863w\" sizes=\"(max-width: 356px) 100vw, 356px\" \/><\/p>\n<p><!--more--><\/p>\n<p>Quartz. R\u00e9gion Massif du Mont Blanc.<\/p>\n<p>Dimension: 110x90mm, hauteur 115mm. Poids 415 gr.<\/p>\n<p>Prix: 100.&#8211;CHF.<\/p>\n<hr \/>\n<hr \/>\n<p style=\"text-align: center;\">R\u00e9f\u00e9rence 58<\/p>\n<p style=\"text-align: left;\"><img decoding=\"async\" loading=\"lazy\" class=\"alignnone size-medium wp-image-185 aligncenter\" src=\"http:\/\/xn--minraux-dya.ch\/wp-content\/uploads\/2017\/01\/58-204x300.jpg\" alt=\"\" width=\"204\" height=\"300\" srcset=\"https:\/\/www.min\u00e9raux.ch\/wp-content\/uploads\/2017\/01\/58-204x300.jpg 204w, https:\/\/www.min\u00e9raux.ch\/wp-content\/uploads\/2017\/01\/58.jpg 649w\" sizes=\"(max-width: 204px) 100vw, 204px\" \/><\/p>\n<p style=\"text-align: left;\"><!--more--><\/p>\n<p style=\"text-align: left;\">Quartz Rutile.<\/p>\n<p style=\"text-align: left;\">Dimension: 45x44mm, hauteur 60mm. Poids 115 gr.<\/p>\n<p style=\"text-align: left;\">Prix: 60.&#8211;CHF.<\/p>\n<hr \/>\n<hr \/>\n<p style=\"text-align: center;\">R\u00e9f\u00e9rence 34<\/p>\n<p style=\"text-align: left;\"><img decoding=\"async\" loading=\"lazy\" class=\"alignnone size-medium wp-image-168 aligncenter\" src=\"http:\/\/xn--minraux-dya.ch\/wp-content\/uploads\/2017\/01\/34-218x300.jpg\" alt=\"\" width=\"218\" height=\"300\" srcset=\"https:\/\/www.min\u00e9raux.ch\/wp-content\/uploads\/2017\/01\/34-218x300.jpg 218w, https:\/\/www.min\u00e9raux.ch\/wp-content\/uploads\/2017\/01\/34.jpg 703w\" sizes=\"(max-width: 218px) 100vw, 218px\" \/><\/p>\n<p style=\"text-align: left;\"><!--more--><\/p>\n<p style=\"text-align: left;\">Topaze.<\/p>\n<p style=\"text-align: left;\">Dimension: 45x25mm, hauteur 50mm. Poids 45 gr.<\/p>\n<p>Prix: 75.&#8211;CHF.<\/p>\n<hr \/>\n<hr \/>\n<p style=\"text-align: center;\">R\u00e9f\u00e9rence 74<\/p>\n<p style=\"text-align: left;\"><img decoding=\"async\" loading=\"lazy\" class=\"alignnone size-medium wp-image-203 aligncenter\" src=\"http:\/\/xn--minraux-dya.ch\/wp-content\/uploads\/2017\/01\/74-141x300.jpg\" alt=\"\" width=\"141\" height=\"300\" srcset=\"https:\/\/www.min\u00e9raux.ch\/wp-content\/uploads\/2017\/01\/74-141x300.jpg 141w, https:\/\/www.min\u00e9raux.ch\/wp-content\/uploads\/2017\/01\/74.jpg 278w\" sizes=\"(max-width: 141px) 100vw, 141px\" \/><\/p>\n<p style=\"text-align: left;\"><!--more--><\/p>\n<p style=\"text-align: left;\">Tourmaline verte.<\/p>\n<p style=\"text-align: left;\">Dimension: 13x10mm, hauteur 35mm. Poids 10 gr.<\/p>\n<p style=\"text-align: left;\">Prix: 30.&#8211;CHF.<\/p>\n<hr \/>\n<hr \/>\n<p style=\"text-align: center;\">R\u00e9f\u00e9rence 83<\/p>\n<p style=\"text-align: left;\"><img decoding=\"async\" loading=\"lazy\" class=\"alignnone size-medium wp-image-218 aligncenter\" src=\"http:\/\/xn--minraux-dya.ch\/wp-content\/uploads\/2017\/01\/83-258x300.jpg\" alt=\"\" width=\"258\" height=\"300\" srcset=\"https:\/\/www.min\u00e9raux.ch\/wp-content\/uploads\/2017\/01\/83-258x300.jpg 258w, https:\/\/www.min\u00e9raux.ch\/wp-content\/uploads\/2017\/01\/83-768x893.jpg 768w, https:\/\/www.min\u00e9raux.ch\/wp-content\/uploads\/2017\/01\/83-880x1024.jpg 880w, https:\/\/www.min\u00e9raux.ch\/wp-content\/uploads\/2017\/01\/83.jpg 1127w\" sizes=\"(max-width: 258px) 100vw, 258px\" \/><\/p>\n<p style=\"text-align: left;\"><!--more--><\/p>\n<p style=\"text-align: left;\">Tourmaline verte, Albite.<\/p>\n<p style=\"text-align: left;\">Dimension: 40x40mm, hauteur 35mm. Poids 42 gr.<\/p>\n<p style=\"text-align: left;\">Prix: 40.&#8211;CHF.<\/p>\n<hr \/>\n<hr \/>\n<p style=\"text-align: center;\">\n","protected":false},"excerpt":{"rendered":"<p>Class\u00e9 par ordre alphab\u00e9tique. Vid\u00e9o sur demande \u00e0: Par e-mail: julienjacquierkronig@hotmail.com Par t\u00e9l\u00e9phone: 079 244 68 78 R\u00e9f\u00e9rence 87<\/p>\n","protected":false},"author":1,"featured_media":0,"parent":0,"menu_order":0,"comment_status":"closed","ping_status":"closed","template":"","meta":[],"_links":{"self":[{"href":"https:\/\/www.min\u00e9raux.ch\/index.php?rest_route=\/wp\/v2\/pages\/13"}],"collection":[{"href":"https:\/\/www.min\u00e9raux.ch\/index.php?rest_route=\/wp\/v2\/pages"}],"about":[{"href":"https:\/\/www.min\u00e9raux.ch\/index.php?rest_route=\/wp\/v2\/types\/page"}],"author":[{"embeddable":true,"href":"https:\/\/www.min\u00e9raux.ch\/index.php?rest_route=\/wp\/v2\/users\/1"}],"replies":[{"embeddable":true,"href":"https:\/\/www.min\u00e9raux.ch\/index.php?rest_route=%2Fwp%2Fv2%2Fcomments&post=13"}],"version-history":[{"count":256,"href":"https:\/\/www.min\u00e9raux.ch\/index.php?rest_route=\/wp\/v2\/pages\/13\/revisions"}],"predecessor-version":[{"id":450,"href":"https:\/\/www.min\u00e9raux.ch\/index.php?rest_route=\/wp\/v2\/pages\/13\/revisions\/450"}],"wp:attachment":[{"href":"https:\/\/www.min\u00e9raux.ch\/index.php?rest_route=%2Fwp%2Fv2%2Fmedia&parent=13"}],"curies":[{"name":"wp","href":"https:\/\/api.w.org\/{rel}","templated":true}]}}