{"id":41,"date":"2017-01-14T10:52:49","date_gmt":"2017-01-14T09:52:49","guid":{"rendered":"http:\/\/xn--minraux-dya.ch\/?page_id=41"},"modified":"2023-01-17T11:14:38","modified_gmt":"2023-01-17T10:14:38","slug":"contact","status":"publish","type":"page","link":"https:\/\/www.min\u00e9raux.ch\/?page_id=41","title":{"rendered":"Contact"},"content":{"rendered":"<p style=\"text-align: center;\">Rendez-vous sur demande.<\/p>\n<p style=\"text-align: center;\">T\u00e9l\u00e9phone: 079 244 68 78<\/p>\n<p style=\"text-align: center;\">julienjacquierkronig@hotmail.com<\/p>\n<p style=\"text-align: center;\">Route de L\u00e9chelles 36<\/p>\n<p style=\"text-align: center;\">CH-1773 Russy<\/p>\n<p style=\"text-align: center;\">Suisse.<\/p>\n","protected":false},"excerpt":{"rendered":"<p>Rendez-vous sur demande. T\u00e9l\u00e9phone: 079 244 68 78 julienjacquierkronig@hotmail.com Route de L\u00e9chelles 36 CH-1773 Russy Suisse.<\/p>\n","protected":false},"author":1,"featured_media":0,"parent":0,"menu_order":0,"comment_status":"closed","ping_status":"closed","template":"","meta":[],"_links":{"self":[{"href":"https:\/\/www.min\u00e9raux.ch\/index.php?rest_route=\/wp\/v2\/pages\/41"}],"collection":[{"href":"https:\/\/www.min\u00e9raux.ch\/index.php?rest_route=\/wp\/v2\/pages"}],"about":[{"href":"https:\/\/www.min\u00e9raux.ch\/index.php?rest_route=\/wp\/v2\/types\/page"}],"author":[{"embeddable":true,"href":"https:\/\/www.min\u00e9raux.ch\/index.php?rest_route=\/wp\/v2\/users\/1"}],"replies":[{"embeddable":true,"href":"https:\/\/www.min\u00e9raux.ch\/index.php?rest_route=%2Fwp%2Fv2%2Fcomments&post=41"}],"version-history":[{"count":11,"href":"https:\/\/www.min\u00e9raux.ch\/index.php?rest_route=\/wp\/v2\/pages\/41\/revisions"}],"predecessor-version":[{"id":445,"href":"https:\/\/www.min\u00e9raux.ch\/index.php?rest_route=\/wp\/v2\/pages\/41\/revisions\/445"}],"wp:attachment":[{"href":"https:\/\/www.min\u00e9raux.ch\/index.php?rest_route=%2Fwp%2Fv2%2Fmedia&parent=41"}],"curies":[{"name":"wp","href":"https:\/\/api.w.org\/{rel}","templated":true}]}}